{"id":985,"date":"2023-04-05T08:57:03","date_gmt":"2023-04-05T08:57:03","guid":{"rendered":"https:\/\/webdordogne.com\/?page_id=33"},"modified":"2023-04-05T08:57:03","modified_gmt":"2023-04-05T08:57:03","slug":"contact-web-dordogne","status":"publish","type":"page","link":"https:\/\/xp1.webdordogne.com\/index.php\/contact-web-dordogne\/","title":{"rendered":"Contact"},"content":{"rendered":"<p>[vc_row height=\u00a0\u00bbauto\u00a0\u00bb us_bg_image_source=\u00a0\u00bbmedia\u00a0\u00bb us_bg_image=\u00a0\u00bb8478&Prime; us_bg_size=\u00a0\u00bbinitial\u00a0\u00bb us_bg_pos=\u00a0\u00bbbottom center\u00a0\u00bb us_bg_overlay_color=\u00a0\u00bbrgba(0,0,0,0.30)\u00a0\u00bb][vc_column][us_post_title tag=\u00a0\u00bbh1&Prime; align=\u00a0\u00bbcenter\u00a0\u00bb css=\u00a0\u00bb%7B%22default%22%3A%7B%22color%22%3A%22%23ffffff%22%2C%22padding-top%22%3A%2290px%22%2C%22padding-bottom%22%3A%2220px%22%7D%7D\u00a0\u00bb][us_breadcrumbs show_current=\u00a0\u00bb1&Prime; align=\u00a0\u00bbcenter\u00a0\u00bb css=\u00a0\u00bb%7B%22default%22%3A%7B%22color%22%3A%22_header_middle_bg%22%2C%22font-size%22%3A%2215px%22%2C%22padding-bottom%22%3A%2290px%22%7D%2C%22mobiles%22%3A%7B%22font-size%22%3A%2212px%22%7D%7D\u00a0\u00bb][\/vc_column][\/vc_row][vc_row height=\u00a0\u00bbauto\u00a0\u00bb][vc_column][vc_column_text css=\u00a0\u00bb%7B%22default%22%3A%7B%22padding-top%22%3A%22100px%22%2C%22padding-bottom%22%3A%2260px%22%7D%7D\u00a0\u00bb]<\/p>\n<h2>Un projet, une question ou simplement un bonjour !<\/h2>\n<p>[\/vc_column_text][vc_column_text css=\u00a0\u00bb%7B%22default%22%3A%7B%22padding-bottom%22%3A%2280px%22%7D%7D\u00a0\u00bb]Partager vos besoins ou vos pr\u00e9occupations sans crainte et sans tabous !<br \/>\nNous sommes \u00e0 votre disposition pour discuter de votre projet en d\u00e9tail et pour r\u00e9pondre \u00e0 toutes les questions possibles&#8230;<\/p>\n<p>Nous avons h\u00e2te de vous lire ou de vous \u00e9couter ![\/vc_column_text][vc_row_inner][vc_column_inner width=\u00a0\u00bb1\/2&Prime;][us_iconbox icon=\u00a0\u00bbfas|phone\u00a0\u00bb link=\u00a0\u00bb%7B%22url%22%3A%22%22%7D\u00a0\u00bb title=\u00a0\u00bbT\u00e9l\u00e9phone\u00a0\u00bb title_size=\u00a0\u00bb22px\u00a0\u00bb title_tag=\u00a0\u00bbh3&Prime; style=\u00a0\u00bbcircle\u00a0\u00bb size=\u00a0\u00bb24px\u00a0\u00bb iconpos=\u00a0\u00bbleft\u00a0\u00bb alignment=\u00a0\u00bbleft\u00a0\u00bb css=\u00a0\u00bb%7B%22default%22%3A%7B%22padding-top%22%3A%2240px%22%2C%22padding-bottom%22%3A%2260px%22%7D%7D\u00a0\u00bb]+33 (0)7 56 86 59 26[\/us_iconbox][us_iconbox icon=\u00a0\u00bbfas|envelope\u00a0\u00bb link=\u00a0\u00bb%7B%22url%22%3A%22%22%7D\u00a0\u00bb title=\u00a0\u00bbEmail\u00a0\u00bb title_size=\u00a0\u00bb22px\u00a0\u00bb title_tag=\u00a0\u00bbh3&Prime; style=\u00a0\u00bbcircle\u00a0\u00bb size=\u00a0\u00bb24px\u00a0\u00bb iconpos=\u00a0\u00bbleft\u00a0\u00bb alignment=\u00a0\u00bbleft\u00a0\u00bb]hello@webdordogne.com[\/us_iconbox][us_iconbox icon=\u00a0\u00bbfas|map-marker-alt\u00a0\u00bb link=\u00a0\u00bb%7B%22url%22%3A%22%22%7D\u00a0\u00bb title=\u00a0\u00bbAdresse\u00a0\u00bb title_size=\u00a0\u00bb22px\u00a0\u00bb title_tag=\u00a0\u00bbh3&Prime; style=\u00a0\u00bbcircle\u00a0\u00bb size=\u00a0\u00bb24px\u00a0\u00bb iconpos=\u00a0\u00bbleft\u00a0\u00bb alignment=\u00a0\u00bbleft\u00a0\u00bb css=\u00a0\u00bb%7B%22default%22%3A%7B%22padding-top%22%3A%2260px%22%2C%22padding-bottom%22%3A%2240px%22%7D%7D\u00a0\u00bb]140 impasse de la source du Talinot<br \/>\n24150 Varennes[\/us_iconbox][\/vc_column_inner][vc_column_inner width=\u00a0\u00bb1\/2&Prime;][vc_column_text css=\u00a0\u00bb%7B%22default%22%3A%7B%22padding-bottom%22%3A%2240px%22%7D%7D\u00a0\u00bb]<iframe loading=\"lazy\" style=\"border: 0;\" src=\"https:\/\/www.google.com\/maps\/embed?pb=!1m18!1m12!1m3!1d2829.6417793999085!2d0.6804475769143202!3d44.82886197107078!2m3!1f0!2f0!3f0!3m2!1i1024!2i768!4f13.1!3m3!1m2!1s0x12ab25a527d0d74f%3A0xe21a6a022d293915!2sWeb%20Dordogne%C2%AE!5e0!3m2!1sfr!2sfr!4v1695997630009!5m2!1sfr!2sfr\" width=\"600\" height=\"450\" allowfullscreen=\"allowfullscreen\"><\/iframe>[\/vc_column_text][\/vc_column_inner][\/vc_row_inner][vc_column_text css=\u00a0\u00bb%7B%22default%22%3A%7B%22padding-top%22%3A%22100px%22%2C%22padding-bottom%22%3A%2260px%22%7D%7D\u00a0\u00bb]<\/p>\n<h2>Laissez-nous votre message !<\/h2>\n<p>[\/vc_column_text][vc_column_text]Merci d&rsquo;utiliser ce formulaire de contact pour \u00e9viter les spams et acc\u00e9l\u00e9rer le traitement de votre demande. Nous vous r\u00e9pondons dans un d\u00e9lai maximum de 24 heures.[\/vc_column_text][us_cform items=\u00a0\u00bb%5B%7B%22type%22%3A%22text%22%2C%22inputmode%22%3A%22text%22%2C%22date_format%22%3A%22d%20MM%20yy%22%2C%22placeholder%22%3A%22Pr%C3%A9nom%22%2C%22required%22%3A%221%22%2C%22is_used_as_from_email%22%3A%220%22%2C%22is_used_as_from_name%22%3A%220%22%2C%22move_label%22%3A%220%22%2C%22file_max_size%22%3A%2210MB%22%2C%22icon%22%3A%22material%7Cperson%22%2C%22cols%22%3A%222%22%7D%2C%7B%22type%22%3A%22text%22%2C%22inputmode%22%3A%22text%22%2C%22date_format%22%3A%22d%20MM%20yy%22%2C%22placeholder%22%3A%22Nom%22%2C%22required%22%3A%220%22%2C%22is_used_as_from_email%22%3A%220%22%2C%22is_used_as_from_name%22%3A%220%22%2C%22move_label%22%3A%220%22%2C%22file_max_size%22%3A%2210MB%22%2C%22icon%22%3A%22material%7Cperson%22%2C%22cols%22%3A%222%22%7D%2C%7B%22type%22%3A%22text%22%2C%22inputmode%22%3A%22numeric%22%2C%22date_format%22%3A%22d%20MM%20yy%22%2C%22placeholder%22%3A%22T%C3%A9l%C3%A9phone%22%2C%22required%22%3A%220%22%2C%22is_used_as_from_email%22%3A%220%22%2C%22is_used_as_from_name%22%3A%220%22%2C%22move_label%22%3A%220%22%2C%22file_max_size%22%3A%2210MB%22%2C%22icon%22%3A%22material%7Cphone%22%2C%22cols%22%3A%222%22%7D%2C%7B%22type%22%3A%22email%22%2C%22inputmode%22%3A%22text%22%2C%22date_format%22%3A%22d%20MM%20yy%22%2C%22placeholder%22%3A%22E-mail%22%2C%22required%22%3A%221%22%2C%22is_used_as_from_email%22%3A%220%22%2C%22is_used_as_from_name%22%3A%220%22%2C%22move_label%22%3A%220%22%2C%22file_max_size%22%3A%2210MB%22%2C%22icon%22%3A%22material%7Cmail%22%2C%22cols%22%3A%222%22%7D%2C%7B%22type%22%3A%22textarea%22%2C%22inputmode%22%3A%22text%22%2C%22date_format%22%3A%22d%20MM%20yy%22%2C%22placeholder%22%3A%22Message%22%2C%22required%22%3A%221%22%2C%22is_used_as_from_email%22%3A%220%22%2C%22is_used_as_from_name%22%3A%220%22%2C%22move_label%22%3A%220%22%2C%22file_max_size%22%3A%2210MB%22%2C%22icon%22%3A%22material%7Ccreate%22%2C%22cols%22%3A%221%22%7D%2C%7B%22type%22%3A%22agreement%22%2C%22inputmode%22%3A%22text%22%2C%22date_format%22%3A%22d%20MM%20yy%22%2C%22value%22%3A%22En%20cochant%20cette%20case%20et%20en%20soumettant%20ce%20formulaire%2C%20j&rsquo;accepte%20que%20mes%20donn%C3%A9es%20personnelles%20soient%20utilis%C3%A9es%20pour%20me%20contacter%20dans%20le%20cadre%20de%20ma%20demande.%20Aucun%20autre%20traitement%20ne%20sera%20effectu%C3%A9%20avec%20mes%20informations.%20%22%2C%22required%22%3A%220%22%2C%22is_used_as_from_email%22%3A%220%22%2C%22is_used_as_from_name%22%3A%220%22%2C%22move_label%22%3A%220%22%2C%22file_max_size%22%3A%2210MB%22%2C%22cols%22%3A%221%22%7D%5D\u00a0\u00bb css=\u00a0\u00bb%7B%22default%22%3A%7B%22padding-top%22%3A%2280px%22%7D%7D\u00a0\u00bb][\/vc_column][\/vc_row][vc_row][vc_column][\/vc_column][\/vc_row]<\/p>\n","protected":false},"excerpt":{"rendered":"<p>[vc_row height=\u00a0\u00bbauto\u00a0\u00bb us_bg_image_source=\u00a0\u00bbmedia\u00a0\u00bb us_bg_image=\u00a0\u00bb8478&Prime; us_bg_size=\u00a0\u00bbinitial\u00a0\u00bb us_bg_pos=\u00a0\u00bbbottom center\u00a0\u00bb us_bg_overlay_color=\u00a0\u00bbrgba(0,0,0,0.30)\u00a0\u00bb][vc_column][us_post_title tag=\u00a0\u00bbh1&Prime; align=\u00a0\u00bbcenter\u00a0\u00bb css=\u00a0\u00bb%7B%22default%22%3A%7B%22color%22%3A%22%23ffffff%22%2C%22padding-top%22%3A%2290px%22%2C%22padding-bottom%22%3A%2220px%22%7D%7D\u00a0\u00bb][us_breadcrumbs show_current=\u00a0\u00bb1&Prime; align=\u00a0\u00bbcenter\u00a0\u00bb css=\u00a0\u00bb%7B%22default%22%3A%7B%22color%22%3A%22_header_middle_bg%22%2C%22font-size%22%3A%2215px%22%2C%22padding-bottom%22%3A%2290px%22%7D%2C%22mobiles%22%3A%7B%22font-size%22%3A%2212px%22%7D%7D\u00a0\u00bb][\/vc_column][\/vc_row][vc_row height=\u00a0\u00bbauto\u00a0\u00bb][vc_column][vc_column_text css=\u00a0\u00bb%7B%22default%22%3A%7B%22padding-top%22%3A%22100px%22%2C%22padding-bottom%22%3A%2260px%22%7D%7D\u00a0\u00bb] Un projet, une question ou simplement un bonjour ! [\/vc_column_text][vc_column_text css=\u00a0\u00bb%7B%22default%22%3A%7B%22padding-bottom%22%3A%2280px%22%7D%7D\u00a0\u00bb]Partager vos besoins ou vos pr\u00e9occupations sans crainte et sans tabous ! Nous sommes \u00e0 votre disposition pour discuter de votre projet en d\u00e9tail et pour r\u00e9pondre \u00e0 toutes [&hellip;]<\/p>\n","protected":false},"author":1,"featured_media":0,"parent":0,"menu_order":0,"comment_status":"closed","ping_status":"closed","template":"","meta":{"footnotes":""},"class_list":["post-985","page","type-page","status-publish","hentry"],"_links":{"self":[{"href":"https:\/\/xp1.webdordogne.com\/index.php\/wp-json\/wp\/v2\/pages\/985","targetHints":{"allow":["GET"]}}],"collection":[{"href":"https:\/\/xp1.webdordogne.com\/index.php\/wp-json\/wp\/v2\/pages"}],"about":[{"href":"https:\/\/xp1.webdordogne.com\/index.php\/wp-json\/wp\/v2\/types\/page"}],"author":[{"embeddable":true,"href":"https:\/\/xp1.webdordogne.com\/index.php\/wp-json\/wp\/v2\/users\/1"}],"replies":[{"embeddable":true,"href":"https:\/\/xp1.webdordogne.com\/index.php\/wp-json\/wp\/v2\/comments?post=985"}],"version-history":[{"count":0,"href":"https:\/\/xp1.webdordogne.com\/index.php\/wp-json\/wp\/v2\/pages\/985\/revisions"}],"wp:attachment":[{"href":"https:\/\/xp1.webdordogne.com\/index.php\/wp-json\/wp\/v2\/media?parent=985"}],"curies":[{"name":"wp","href":"https:\/\/api.w.org\/{rel}","templated":true}]}}