{"id":77,"date":"2023-04-05T10:01:37","date_gmt":"2023-04-05T10:01:37","guid":{"rendered":"https:\/\/webdordogne.com\/?page_id=77"},"modified":"2023-04-05T10:01:37","modified_gmt":"2023-04-05T10:01:37","slug":"qualite-web","status":"publish","type":"page","link":"https:\/\/xp1.webdordogne.com\/index.php\/agence-web-dordogne\/qualite-web\/","title":{"rendered":"Qualit\u00e9 Web"},"content":{"rendered":"<p>[vc_row height=\u00a0\u00bbauto\u00a0\u00bb us_bg_image_source=\u00a0\u00bbmedia\u00a0\u00bb us_bg_image=\u00a0\u00bb8478&Prime; us_bg_size=\u00a0\u00bbinitial\u00a0\u00bb us_bg_pos=\u00a0\u00bbbottom center\u00a0\u00bb us_bg_overlay_color=\u00a0\u00bbrgba(0,0,0,0.30)\u00a0\u00bb][vc_column][us_separator size=\u00a0\u00bblarge\u00a0\u00bb][us_post_title tag=\u00a0\u00bbh1&Prime; align=\u00a0\u00bbcenter\u00a0\u00bb css=\u00a0\u00bb%7B%22default%22%3A%7B%22color%22%3A%22%23ffffff%22%7D%7D\u00a0\u00bb][us_breadcrumbs show_current=\u00a0\u00bb1&Prime; align=\u00a0\u00bbcenter\u00a0\u00bb css=\u00a0\u00bb%7B%22default%22%3A%7B%22color%22%3A%22_header_middle_bg%22%2C%22font-size%22%3A%2215px%22%7D%2C%22mobiles%22%3A%7B%22font-size%22%3A%2212px%22%7D%7D\u00a0\u00bb][us_separator size=\u00a0\u00bblarge\u00a0\u00bb][\/vc_column][\/vc_row][vc_row height=\u00a0\u00bbauto\u00a0\u00bb][vc_column][vc_column_text css=\u00a0\u00bb%7B%22default%22%3A%7B%22padding-top%22%3A%22120px%22%2C%22padding-bottom%22%3A%2260px%22%7D%7D\u00a0\u00bb]<\/p>\n<h2>Notre engagement pour la qualit\u00e9 web<\/h2>\n<p>[\/vc_column_text][vc_column_text css=\u00a0\u00bb%7B%22default%22%3A%7B%22padding-bottom%22%3A%2240px%22%7D%7D\u00a0\u00bb]La Qualit\u00e9 Web est d\u2019une importance cruciale dans votre strat\u00e9gie de communication digitale. Elle va bien au-del\u00e0 de la simple esth\u00e9tique d\u2019un site puisqu&rsquo;elle garantie une exp\u00e9rience utilisateur optimale.<\/p>\n<p>L&rsquo;ergonomie et le design ne sont plus les seuls \u00e9l\u00e9ments pris en compte. Une d\u00e9marche de qualit\u00e9 impacte directement la r\u00e9putation, la confiance des utilisateurs et les performances globales d\u2019un site. Les sites internet de qualit\u00e9 sup\u00e9rieure sont mieux class\u00e9s par Google, et g\u00e9n\u00e8rent de meilleures conversions de vos visiteurs.<\/p>\n<p>Pour atteindre cet objectif, nous nous appuyons sur la d\u00e9marche d&rsquo;audit <a href=\"https:\/\/www.opquast.com\/\">Opquast<\/a>.[\/vc_column_text][vc_column_text css=\u00a0\u00bb%7B%22default%22%3A%7B%22padding-top%22%3A%2260px%22%2C%22padding-bottom%22%3A%2260px%22%7D%7D\u00a0\u00bb]<\/p>\n<h2>Opquast : le r\u00e9f\u00e9rentiel de qualit\u00e9 Web<\/h2>\n<p>[\/vc_column_text][vc_column_text css=\u00a0\u00bb%7B%22default%22%3A%7B%22padding-bottom%22%3A%2240px%22%7D%7D\u00a0\u00bb]C&rsquo;est l\u2019un des r\u00e9f\u00e9rentiels les plus respect\u00e9s dans l\u2019industrie du web. Il propose un ensemble complet de crit\u00e8res et d\u2019indicateurs pour \u00e9valuer et am\u00e9liorer la qualit\u00e9 d\u2019un site. Gr\u00e2ce \u00e0 ses bonnes pratiques, il permet de garantir que votre site est performant, s\u00e9curis\u00e9 et accessible.[\/vc_column_text][vc_column_text css=\u00a0\u00bb%7B%22default%22%3A%7B%22padding-top%22%3A%2240px%22%2C%22padding-bottom%22%3A%2240px%22%7D%7D\u00a0\u00bb]<\/p>\n<h3>Notre Approche Opquast<\/h3>\n<p>[\/vc_column_text][vc_column_text css=\u00a0\u00bb%7B%22default%22%3A%7B%22padding-bottom%22%3A%2240px%22%7D%7D\u00a0\u00bb]Chez\u00a0Web Dordogne<span class=\"w-text-h\"><span class=\"w-text-value\">\u00ae<\/span><\/span>, nous nous engageons \u00e0 int\u00e9grer ces bonnes pratiques dans toutes les \u00e9tapes de la cr\u00e9ation d&rsquo;un site (partie technique, contenu de page ou d&rsquo;article, r\u00e9f\u00e9rencement SEO). Notre \u00e9quipe veille \u00e0 ce que chaque projet respecte scrupuleusement le r\u00e9f\u00e9rentiel.<\/p>\n<ul>\n<li><strong>Analyse initiale<\/strong>\u00a0:<br \/>\nNous commen\u00e7ons par une analyse d\u00e9taill\u00e9e des indicateurs Opquast pertinents pour le projet.\u00a0Les principes de qualit\u00e9 sont ainsi bien pris en compte avant la phase d&rsquo;int\u00e9gration.<\/li>\n<li><strong>Tests et v\u00e9rifications<\/strong>\u00a0:<br \/>\nNous effectuons des tests rigoureux pour v\u00e9rifier que chaque aspect de la qualit\u00e9 est respect\u00e9.<\/li>\n<li><strong>Rapport et suivi<\/strong>\u00a0:<br \/>\nNous fournissons des rapports d\u00e9taill\u00e9s aux clients, d\u00e9montrant comment leur site r\u00e9pond aux normes Opquast.<\/li>\n<li><strong>Optimisation continue<\/strong>\u00a0:<br \/>\nNous travaillons en permanence \u00e0 l\u2019am\u00e9lioration de la qualit\u00e9, en nous adaptant aux nouvelles normes du num\u00e9rique.<\/li>\n<\/ul>\n<p>[\/vc_column_text][vc_column_text css=\u00a0\u00bb%7B%22default%22%3A%7B%22padding-top%22%3A%2240px%22%2C%22padding-bottom%22%3A%2240px%22%7D%7D\u00a0\u00bb]<\/p>\n<h3>Les avantages d\u2019une conception bas\u00e9e sur Opquast<\/h3>\n<p>[\/vc_column_text][vc_column_text css=\u00a0\u00bb%7B%22default%22%3A%7B%22padding-bottom%22%3A%2240px%22%7D%7D\u00a0\u00bb]Choisir une agence qui s\u2019appuie sur Opquast pour concevoir votre site pr\u00e9sente de nombreux avantages :<\/p>\n<ul>\n<li><strong>Meilleure visibilit\u00e9 en ligne<\/strong>\u00a0:<br \/>\nUn site de qualit\u00e9 est mieux class\u00e9 dans les moteurs de recherche comme Google, attirant davantage de visiteurs.<\/li>\n<li><strong>Exp\u00e9rience utilisateur Exceptionnelle<\/strong>\u00a0:<br \/>\nLes internautes appr\u00e9cient une navigation fluide et une accessibilit\u00e9 accrue.<\/li>\n<li><strong>S\u00e9curit\u00e9 am\u00e9lior\u00e9e<\/strong>\u00a0:<br \/>\nUn site conforme est plus r\u00e9sistant aux menaces.<\/li>\n<li><strong>Moins de probl\u00e8mes techniques<\/strong>\u00a0:<br \/>\nLes erreurs et les probl\u00e9matiques sont r\u00e9duites, ce qui minimise les temps d\u2019arr\u00eat.<\/li>\n<\/ul>\n<p>[\/vc_column_text][vc_column_text css=\u00a0\u00bb%7B%22default%22%3A%7B%22padding-top%22%3A%2260px%22%2C%22padding-bottom%22%3A%2260px%22%7D%7D\u00a0\u00bb]<\/p>\n<h2>Web Dordogne<span class=\"w-text-h\"><span class=\"w-text-value\">\u00ae\u00a0<\/span><\/span>et Opquast<span class=\"w-text-h\"><span class=\"w-text-value\">\u00ae<\/span><\/span><\/h2>\n<p>[\/vc_column_text][vc_row_inner css=\u00a0\u00bb%7B%22default%22%3A%7B%22padding-top%22%3A%2240px%22%7D%7D\u00a0\u00bb][vc_column_inner width=\u00a0\u00bb1\/2&Prime;][us_image image=\u00a0\u00bb11209&Prime; link=\u00a0\u00bb%7B%22url%22%3A%22%22%7D\u00a0\u00bb css=\u00a0\u00bb%7B%22default%22%3A%7B%22border-radius%22%3A%2215px%22%7D%7D\u00a0\u00bb][\/vc_column_inner][vc_column_inner link=\u00a0\u00bb%7B%22url%22%3A%22%22%7D\u00a0\u00bb width=\u00a0\u00bb1\/2&Prime;][vc_column_text css=\u00a0\u00bb%7B%22default%22%3A%7B%22padding-top%22%3A%2210px%22%7D%7D\u00a0\u00bb]Chaque collaborateur de l&rsquo;agence a obtenu la certification Opquast, niveau avanc\u00e9 en \u00ab\u2009Ma\u00eetrise de la qualit\u00e9 en projet web\u2009\u00bb avec des scores sup\u00e9rieurs ou \u00e9gaux \u00e0 800 points sur un total de 1000. Ce r\u00e9sultat garantit :<\/p>\n<ul>\n<li>une excellente connaissance des r\u00e8gles d\u2019assurance qualit\u00e9 Web et du vocabulaire associ\u00e9.<\/li>\n<li>des comp\u00e9tences r\u00e9elles et appr\u00e9ciables pour participer \u00e0 des projets avec d\u2019autres professionnels.<\/li>\n<\/ul>\n<p>[\/vc_column_text][\/vc_column_inner][\/vc_row_inner][\/vc_column][\/vc_row][vc_row][vc_column][vc_column_text]Rejoignez-nous dans notre engagement envers la Qualit\u00e9 Web !<br \/>\n<a href=\"https:\/\/xp.webdordogne.com\/contact-web-dordogne\/\">Discutons<\/a> ensemble de la mani\u00e8re dont nous pouvons mettre en place des outils de r\u00e9f\u00e9rence et des normes de qualit\u00e9 pour les pages de votre site.[\/vc_column_text][\/vc_column][\/vc_row]<\/p>\n","protected":false},"excerpt":{"rendered":"<p>[vc_row height=\u00a0\u00bbauto\u00a0\u00bb us_bg_image_source=\u00a0\u00bbmedia\u00a0\u00bb us_bg_image=\u00a0\u00bb8478&Prime; us_bg_size=\u00a0\u00bbinitial\u00a0\u00bb us_bg_pos=\u00a0\u00bbbottom center\u00a0\u00bb us_bg_overlay_color=\u00a0\u00bbrgba(0,0,0,0.30)\u00a0\u00bb][vc_column][us_separator size=\u00a0\u00bblarge\u00a0\u00bb][us_post_title tag=\u00a0\u00bbh1&Prime; align=\u00a0\u00bbcenter\u00a0\u00bb css=\u00a0\u00bb%7B%22default%22%3A%7B%22color%22%3A%22%23ffffff%22%7D%7D\u00a0\u00bb][us_breadcrumbs show_current=\u00a0\u00bb1&Prime; align=\u00a0\u00bbcenter\u00a0\u00bb css=\u00a0\u00bb%7B%22default%22%3A%7B%22color%22%3A%22_header_middle_bg%22%2C%22font-size%22%3A%2215px%22%7D%2C%22mobiles%22%3A%7B%22font-size%22%3A%2212px%22%7D%7D\u00a0\u00bb][us_separator size=\u00a0\u00bblarge\u00a0\u00bb][\/vc_column][\/vc_row][vc_row height=\u00a0\u00bbauto\u00a0\u00bb][vc_column][vc_column_text css=\u00a0\u00bb%7B%22default%22%3A%7B%22padding-top%22%3A%22120px%22%2C%22padding-bottom%22%3A%2260px%22%7D%7D\u00a0\u00bb] Notre engagement pour la qualit\u00e9 web [\/vc_column_text][vc_column_text css=\u00a0\u00bb%7B%22default%22%3A%7B%22padding-bottom%22%3A%2240px%22%7D%7D\u00a0\u00bb]La Qualit\u00e9 Web est d\u2019une importance cruciale dans votre strat\u00e9gie de communication digitale. Elle va bien au-del\u00e0 de la simple esth\u00e9tique d\u2019un site puisqu&rsquo;elle garantie une exp\u00e9rience utilisateur optimale. L&rsquo;ergonomie [&hellip;]<\/p>\n","protected":false},"author":1,"featured_media":0,"parent":31,"menu_order":4,"comment_status":"closed","ping_status":"closed","template":"","meta":{"footnotes":""},"class_list":["post-77","page","type-page","status-publish","hentry"],"_links":{"self":[{"href":"https:\/\/xp1.webdordogne.com\/index.php\/wp-json\/wp\/v2\/pages\/77","targetHints":{"allow":["GET"]}}],"collection":[{"href":"https:\/\/xp1.webdordogne.com\/index.php\/wp-json\/wp\/v2\/pages"}],"about":[{"href":"https:\/\/xp1.webdordogne.com\/index.php\/wp-json\/wp\/v2\/types\/page"}],"author":[{"embeddable":true,"href":"https:\/\/xp1.webdordogne.com\/index.php\/wp-json\/wp\/v2\/users\/1"}],"replies":[{"embeddable":true,"href":"https:\/\/xp1.webdordogne.com\/index.php\/wp-json\/wp\/v2\/comments?post=77"}],"version-history":[{"count":0,"href":"https:\/\/xp1.webdordogne.com\/index.php\/wp-json\/wp\/v2\/pages\/77\/revisions"}],"up":[{"embeddable":true,"href":"https:\/\/xp1.webdordogne.com\/index.php\/wp-json\/wp\/v2\/pages\/31"}],"wp:attachment":[{"href":"https:\/\/xp1.webdordogne.com\/index.php\/wp-json\/wp\/v2\/media?parent=77"}],"curies":[{"name":"wp","href":"https:\/\/api.w.org\/{rel}","templated":true}]}}