{"id":75,"date":"2023-04-05T10:00:20","date_gmt":"2023-04-05T08:00:20","guid":{"rendered":"https:\/\/webdordogne.com\/?page_id=75"},"modified":"2023-04-05T10:00:20","modified_gmt":"2023-04-05T08:00:20","slug":"sobriete-numerique","status":"publish","type":"page","link":"https:\/\/xp1.webdordogne.com\/index.php\/agence-web-dordogne\/sobriete-numerique\/","title":{"rendered":"Sobri\u00e9t\u00e9 num\u00e9rique"},"content":{"rendered":"<p>[vc_row height=\u00a0\u00bbauto\u00a0\u00bb us_bg_image_source=\u00a0\u00bbmedia\u00a0\u00bb us_bg_image=\u00a0\u00bb8478&Prime; us_bg_size=\u00a0\u00bbinitial\u00a0\u00bb us_bg_pos=\u00a0\u00bbbottom center\u00a0\u00bb us_bg_overlay_color=\u00a0\u00bbrgba(0,0,0,0.30)\u00a0\u00bb][vc_column][us_separator size=\u00a0\u00bblarge\u00a0\u00bb][us_post_title tag=\u00a0\u00bbh1&Prime; align=\u00a0\u00bbcenter\u00a0\u00bb css=\u00a0\u00bb%7B%22default%22%3A%7B%22color%22%3A%22%23ffffff%22%7D%7D\u00a0\u00bb][us_breadcrumbs show_current=\u00a0\u00bb1&Prime; align=\u00a0\u00bbcenter\u00a0\u00bb css=\u00a0\u00bb%7B%22default%22%3A%7B%22color%22%3A%22_header_middle_bg%22%2C%22font-size%22%3A%2215px%22%7D%2C%22mobiles%22%3A%7B%22font-size%22%3A%2212px%22%7D%7D\u00a0\u00bb][us_separator size=\u00a0\u00bblarge\u00a0\u00bb][\/vc_column][\/vc_row][vc_row height=\u00a0\u00bbauto\u00a0\u00bb][vc_column][vc_column_text css=\u00a0\u00bb%7B%22default%22%3A%7B%22padding-top%22%3A%22120px%22%2C%22padding-bottom%22%3A%2260px%22%7D%7D\u00a0\u00bb]<\/p>\n<h2><b>C\u2019est quoi la sobri\u00e9t\u00e9 num\u00e9rique ?<\/b><\/h2>\n<p>[\/vc_column_text][vc_column_text]La sobri\u00e9t\u00e9 num\u00e9rique est une d\u00e9marche pour minimiser l\u2019impact environnemental du num\u00e9rique en concevant des outils digitaux plus sobres et en mod\u00e9rant ses usages au quotidien.<\/p>\n<p>Il ne s\u2019agit donc pas de lutter contre le num\u00e9rique, mais plut\u00f4t de se fixer un usage raisonn\u00e9 et optimis\u00e9.<\/p>\n<p>L\u2019id\u00e9e n\u2019est pas nouvelle, Fr\u00e9d\u00e9ric Bordage, fondateur de <a href=\"https:\/\/www.greenit.fr\/\">GreenIT<\/a> et responsable du think tank <a href=\"https:\/\/theshiftproject.org\/\">The Shift Project<\/a>, lan\u00e7ait d\u00e9j\u00e0 l\u2019alerte en 2004.\u00a0 Malheureusement, une v\u00e9ritable prise de conscience reste difficile du fait que le web est immat\u00e9riel et presque invisible pour les utilisateurs.<\/p>\n<p>Pourtant, l&rsquo;usage du num\u00e9rique a une empreinte \u00e9cologique consid\u00e9rable :<\/p>\n<ul>\n<li style=\"list-style-type: none;\">\n<ul>\n<li>306 milliards de mails par jour dans le monde<\/li>\n<li>51 millions d\u2019appareils connect\u00e9s en France en 2021<\/li>\n<li>1,29 milliard de t\u00e9l\u00e9phones vendus en 2020 dans le monde<\/li>\n<li>1 minute pass\u00e9e sur un smartphone \u00e9quivaut \u00e0 57 grammes de C02 rejet\u00e9s.<\/li>\n<\/ul>\n<\/li>\n<\/ul>\n<p>Et derri\u00e8re ces usages, se cache aussi la production. Par exemple, 90% de l\u2019\u00e9nergie consomm\u00e9e par un smartphone est g\u00e9n\u00e9r\u00e9e lors de sa fabrication.<\/p>\n<p>Pour r\u00e9duire l\u2019empreinte environnementale du num\u00e9rique en France, le texte de <a href=\"https:\/\/www.legifrance.gouv.fr\/jorf\/id\/JORFTEXT000044327272\">loi REEN <\/a>(R\u00e9duction de l\u2019Empreinte Environnementale du Num\u00e9rique) a\u00a0 \u00e9t\u00e9 promulgu\u00e9 le 15 novembre 2021 autour de 5 objectifs :<\/p>\n<ul>\n<li style=\"list-style-type: none;\">\n<ul>\n<li aria-level=\"1\">Faire prendre conscience de l\u2019impact environnemental du num\u00e9rique ;<\/li>\n<li aria-level=\"1\">Limiter le renouvellement des terminaux ;<\/li>\n<li aria-level=\"1\">Faire \u00e9merger et d\u00e9velopper des usages du num\u00e9rique \u00e9cologiquement vertueux ;<\/li>\n<li aria-level=\"1\">Promouvoir des centres de donn\u00e9es et des r\u00e9seaux moins \u00e9nergivores ;<\/li>\n<li aria-level=\"1\">Promouvoir une strat\u00e9gie num\u00e9rique responsable dans les territoires.<\/li>\n<\/ul>\n<\/li>\n<\/ul>\n<p>Ainsi, les communes et intercommunalit\u00e9s de plus de 50 000 habitants devront adopter une strat\u00e9gie num\u00e9rique responsable d\u00e8s 2025. D\u2019autres <a href=\"https:\/\/www.notre-environnement.gouv.fr\/actualites\/breves\/article\/loi-sur-la-reduction-de-l-empreinte-environnementale-du-numerique-quelles\">avanc\u00e9es<\/a> sont d\u00e9taill\u00e9es sur le site du Minist\u00e8re de l\u2019Environnement.[\/vc_column_text][vc_column_text css=\u00a0\u00bb%7B%22default%22%3A%7B%22padding-top%22%3A%2280px%22%2C%22padding-bottom%22%3A%2260px%22%7D%7D\u00a0\u00bb]<\/p>\n<h2><b>Comment atteindre la sobri\u00e9t\u00e9 num\u00e9rique ?<\/b><\/h2>\n<p>[\/vc_column_text][vc_column_text css=\u00a0\u00bb%7B%22default%22%3A%7B%22padding-bottom%22%3A%2240px%22%7D%7D\u00a0\u00bb]En tant que consommateurs,nous ne pouvons pas agir sur la production. Nous avons cependant un r\u00f4le \u00e0 jouer, en limitant nos usages, en achetant moins d\u2019appareils, en r\u00e9parant nos anciens appareils, ou en achetant des produits reconditionn\u00e9s\u2026<\/p>\n<p>D&rsquo;une mani\u00e8re globale, il y a trois choses \u00e0 prendre en compte pour atteindre la sobri\u00e9t\u00e9 num\u00e9rique :<\/p>\n<ul>\n<li style=\"list-style-type: none;\">\n<ul>\n<li aria-level=\"1\">l\u2019impact \u00e9nerg\u00e9tique (le co\u00fbt \u00e9nerg\u00e9tique de la phase de production de l\u2019objet et sa consommation en fonctionnement)<\/li>\n<li aria-level=\"1\">l\u2019impact carbone (l\u2019utilisation des mati\u00e8res premi\u00e8res et de ressources naturelles)<\/li>\n<li aria-level=\"1\">l\u2019usage de nos appareils (inutile de pr\u00e9ciser, votre bon sens fera l\u2019affaire)<\/li>\n<\/ul>\n<\/li>\n<\/ul>\n<p>Pour vous aider, le site hellocarbo.com a publi\u00e9 le livre blanc :\u00a0<a href=\"https:\/\/www.hellocarbo.com\/wp-content\/uploads\/2023\/04\/LB-entreprise-eco-responsable.pdf\">la checklist pour devenir une entreprise \u00e9co-responsable<\/a>.<b><\/b>[\/vc_column_text][vc_column_text css=\u00a0\u00bb%7B%22default%22%3A%7B%22padding-top%22%3A%2230px%22%2C%22padding-bottom%22%3A%2230px%22%7D%7D\u00a0\u00bb]<\/p>\n<h3><b>Quelles bonnes pratiques participent \u00e0 la sobri\u00e9t\u00e9 num\u00e9rique ?<\/b><\/h3>\n<p>[\/vc_column_text][vc_column_text css=\u00a0\u00bb%7B%22default%22%3A%7B%22padding-bottom%22%3A%2240px%22%7D%7D\u00a0\u00bb]Pour tendre vers la sobri\u00e9t\u00e9 num\u00e9rique, vous pouvez agir progressivement sur 3 niveaux :<\/p>\n<ul>\n<li aria-level=\"1\">Sensibiliser vos collaborateurs \u00e0 la th\u00e9matique du num\u00e9rique responsable<\/li>\n<li aria-level=\"1\">Calculer l\u2019impact environnemental du num\u00e9rique dans mon entreprise<\/li>\n<li aria-level=\"1\">Agir sur les actions num\u00e9riques les plus impactantes (site web, usage du web, impression, stockage de donn\u00e9es)<\/li>\n<\/ul>\n<p>Si vous \u00eates int\u00e9ress\u00e9 par un num\u00e9rique plus sobre et responsable, penser aussi \u00e0 l\u2019<a href=\"https:\/\/xp.webdordogne.com\/agence-web-dordogne\/eco-conception\/\">\u00e9co-conception web<\/a>. Nous sommes l\u00e0 aussi pour r\u00e9pondre \u00e0 vos questions et explorer des solutions sur mesure pour un projet \u00e9co-responsable.<\/p>\n<p><a href=\"https:\/\/www.fresquedunumerique.org\/\" target=\"_blank\" rel=\"noopener\">La Fresque du Num\u00e9rique<\/a> propose \u00e9galement un atelier pour comprendre en \u00e9quipe et de mani\u00e8re ludique les enjeux environnementaux du num\u00e9rique.[\/vc_column_text][vc_column_text css=\u00a0\u00bb%7B%22default%22%3A%7B%22padding-top%22%3A%2260px%22%2C%22padding-bottom%22%3A%2260px%22%7D%7D\u00a0\u00bb]<\/p>\n<h2><b>Notre engagement pour la sobri\u00e9t\u00e9 num\u00e9rique<\/b><\/h2>\n<div id=\"gtx-trans\" style=\"position: absolute; left: 242px; top: 87.9062px;\">\n<div class=\"gtx-trans-icon\"><\/div>\n<\/div>\n<p>[\/vc_column_text][vc_column_text css=\u00a0\u00bb%7B%22default%22%3A%7B%22padding-bottom%22%3A%2240px%22%7D%7D\u00a0\u00bb]Nous avons d\u2019agir progressivement avec la mise en \u0153uvre d&rsquo;initiatives de plus en plus nombreuses. Pour 2024, nous avons cr\u00e9\u00e9 de mani\u00e8re ludique nos dix commandements. A terme, notre ambition est d\u2019\u00e9voluer vers une labellisation pour concr\u00e9tiser notre engagement environnemental et social.[\/vc_column_text][vc_column_text css=\u00a0\u00bb%7B%22default%22%3A%7B%22padding-top%22%3A%2230px%22%2C%22padding-bottom%22%3A%2230px%22%7D%7D\u00a0\u00bb]<\/p>\n<h3 style=\"padding-left: 40px;\">\u00a0Voici la liste de nos dix commandements pour 2024 :<\/h3>\n<p>[\/vc_column_text][vc_column_text]<\/p>\n<ul>\n<li style=\"list-style-type: none;\">\n<ul>\n<li aria-level=\"1\">Ne pas utiliser d\u2019appareil 5G<\/li>\n<li aria-level=\"1\">Deux appareils connect\u00e9s maxi par personne (1 ordinateur + 1 smartphone)<\/li>\n<li aria-level=\"1\">Pr\u00e9f\u00e9rer les ordinateurs portables qui consomment 50 \u00e0 80 % de moins qu\u2019un poste fixe<\/li>\n<li aria-level=\"1\">Utiliser le courrier \u00e9lectronique \u00e0 bon escient et supprimer les vieux mails (boite email \u00e0 z\u00e9ro chaque soir)<\/li>\n<li aria-level=\"1\">Ne plus allumer sa cam\u00e9ra en r\u00e9union ou l&rsquo;\u00e9teindre apr\u00e8s avoir dit \u00ab\u00a0Bonjour\u00a0\u00bb<\/li>\n<li aria-level=\"1\">Optimiser le cycle de vie du mat\u00e9riel informatique<\/li>\n<li aria-level=\"1\">Utiliser des appareils reconditionn\u00e9s<\/li>\n<li aria-level=\"1\">\u00c9teindre tous les appareils \u00e9lectriques la nuit (box internet comprise)<\/li>\n<li aria-level=\"1\">Privil\u00e9giez le WiFi au r\u00e9seau mobile (la 4G consomme au moins deux fois plus que le WiFi)<\/li>\n<li aria-level=\"1\">Optez pour le t\u00e9l\u00e9chargement des vid\u00e9os au lieu de leur diffusion en continu<\/li>\n<\/ul>\n<\/li>\n<\/ul>\n<p>[\/vc_column_text][vc_column_text css=\u00a0\u00bb%7B%22default%22%3A%7B%22padding-top%22%3A%22100px%22%2C%22padding-bottom%22%3A%2260px%22%7D%7D\u00a0\u00bb]<\/p>\n<h2><b>Ressources suppl\u00e9mentaires<\/b><\/h2>\n<p>[\/vc_column_text][vc_column_text css=\u00a0\u00bb%7B%22default%22%3A%7B%22padding-top%22%3A%2230px%22%2C%22padding-bottom%22%3A%2230px%22%7D%7D\u00a0\u00bb]<\/p>\n<h3 style=\"padding-left: 40px;\">Liens utiles :<\/h3>\n<p>[\/vc_column_text][vc_column_text css=\u00a0\u00bb%7B%22default%22%3A%7B%22padding-bottom%22%3A%2240px%22%7D%7D\u00a0\u00bb]<\/p>\n<p style=\"padding-left: 80px;\"><a href=\"https:\/\/www.cigref.fr\/wp\/wp-content\/uploads\/2020\/10\/Cigref-The-shift-project-Sobriete-numerique-une-demarche-d-entreprise-responsable-octobre-2020-1.pdf\">Rapport du CIGREF<\/a><br \/>\n<a href=\"https:\/\/theshiftproject.org\/wp-content\/uploads\/2018\/11\/Rapport-final-v8-WEB.pdf\">Rapport The Shift Project \u201cPour une sobri\u00e9t\u00e9 num\u00e9rique\u201d<\/a><br \/>\n<a href=\"https:\/\/www.arcep.fr\/uploads\/tx_gspublication\/dossier-presse-Etude-Ademe-Arcep-lot3_mars2023.pdf\">Etude ADEME \u2013 Arcep sur l\u2019empreinte environnementale du num\u00e9rique en 2020, 2030 et 2050<\/a><\/p>\n<p>[\/vc_column_text][vc_column_text css=\u00a0\u00bb%7B%22default%22%3A%7B%22padding-top%22%3A%2230px%22%2C%22padding-bottom%22%3A%2230px%22%7D%7D\u00a0\u00bb]<\/p>\n<h3 style=\"padding-left: 40px;\">Livres :<\/h3>\n<p>[\/vc_column_text][vc_column_text css=\u00a0\u00bb%7B%22default%22%3A%7B%22padding-bottom%22%3A%2240px%22%7D%7D\u00a0\u00bb]<\/p>\n<p style=\"padding-left: 80px;\">\u00ab\u00a0Sobri\u00e9t\u00e9 num\u00e9rique : les cl\u00e9s pour agir\u00a0\u00bb<br \/>\nAuteur : Fr\u00e9d\u00e9ric Bordage &#8211; Septembre 2019 &#8211; 204 pages &#8211; Editeur: Buchet Chastel &#8211; Collection la verte<\/p>\n<p style=\"padding-left: 80px;\">\u00ab\u00a0Tendre vers la sobri\u00e9t\u00e9 num\u00e9rique : Je passe \u00e0 l\u2019acte\u00a0\u00bb<br \/>\nAuteur : Fr\u00e9d\u00e9ric Bordage &#8211; Octobre 2021 &#8211; 64 pages &#8211; Editeur: Actes Sud<\/p>\n<p>[\/vc_column_text][us_separator][\/vc_column][\/vc_row]<\/p>\n","protected":false},"excerpt":{"rendered":"<p>[vc_row height=\u00a0\u00bbauto\u00a0\u00bb us_bg_image_source=\u00a0\u00bbmedia\u00a0\u00bb us_bg_image=\u00a0\u00bb8478&Prime; us_bg_size=\u00a0\u00bbinitial\u00a0\u00bb us_bg_pos=\u00a0\u00bbbottom center\u00a0\u00bb us_bg_overlay_color=\u00a0\u00bbrgba(0,0,0,0.30)\u00a0\u00bb][vc_column][us_separator size=\u00a0\u00bblarge\u00a0\u00bb][us_post_title tag=\u00a0\u00bbh1&Prime; align=\u00a0\u00bbcenter\u00a0\u00bb css=\u00a0\u00bb%7B%22default%22%3A%7B%22color%22%3A%22%23ffffff%22%7D%7D\u00a0\u00bb][us_breadcrumbs show_current=\u00a0\u00bb1&Prime; align=\u00a0\u00bbcenter\u00a0\u00bb css=\u00a0\u00bb%7B%22default%22%3A%7B%22color%22%3A%22_header_middle_bg%22%2C%22font-size%22%3A%2215px%22%7D%2C%22mobiles%22%3A%7B%22font-size%22%3A%2212px%22%7D%7D\u00a0\u00bb][us_separator size=\u00a0\u00bblarge\u00a0\u00bb][\/vc_column][\/vc_row][vc_row height=\u00a0\u00bbauto\u00a0\u00bb][vc_column][vc_column_text css=\u00a0\u00bb%7B%22default%22%3A%7B%22padding-top%22%3A%22120px%22%2C%22padding-bottom%22%3A%2260px%22%7D%7D\u00a0\u00bb] C\u2019est quoi la sobri\u00e9t\u00e9 num\u00e9rique ? [\/vc_column_text][vc_column_text]La sobri\u00e9t\u00e9 num\u00e9rique est une d\u00e9marche pour minimiser l\u2019impact environnemental du num\u00e9rique en concevant des outils digitaux plus sobres et en mod\u00e9rant ses usages au quotidien. Il ne s\u2019agit donc pas [&hellip;]<\/p>\n","protected":false},"author":1,"featured_media":0,"parent":31,"menu_order":2,"comment_status":"closed","ping_status":"closed","template":"","meta":{"footnotes":""},"class_list":["post-75","page","type-page","status-publish","hentry"],"_links":{"self":[{"href":"https:\/\/xp1.webdordogne.com\/index.php\/wp-json\/wp\/v2\/pages\/75","targetHints":{"allow":["GET"]}}],"collection":[{"href":"https:\/\/xp1.webdordogne.com\/index.php\/wp-json\/wp\/v2\/pages"}],"about":[{"href":"https:\/\/xp1.webdordogne.com\/index.php\/wp-json\/wp\/v2\/types\/page"}],"author":[{"embeddable":true,"href":"https:\/\/xp1.webdordogne.com\/index.php\/wp-json\/wp\/v2\/users\/1"}],"replies":[{"embeddable":true,"href":"https:\/\/xp1.webdordogne.com\/index.php\/wp-json\/wp\/v2\/comments?post=75"}],"version-history":[{"count":0,"href":"https:\/\/xp1.webdordogne.com\/index.php\/wp-json\/wp\/v2\/pages\/75\/revisions"}],"up":[{"embeddable":true,"href":"https:\/\/xp1.webdordogne.com\/index.php\/wp-json\/wp\/v2\/pages\/31"}],"wp:attachment":[{"href":"https:\/\/xp1.webdordogne.com\/index.php\/wp-json\/wp\/v2\/media?parent=75"}],"curies":[{"name":"wp","href":"https:\/\/api.w.org\/{rel}","templated":true}]}}