{"id":5774,"date":"2017-01-31T14:57:35","date_gmt":"2017-01-31T14:57:35","guid":{"rendered":"http:\/\/impreza5.us-themes.net\/?page_id=5774"},"modified":"2017-01-31T14:57:35","modified_gmt":"2017-01-31T14:57:35","slug":"erreur-404","status":"publish","type":"page","link":"https:\/\/xp1.webdordogne.com\/index.php\/erreur-404\/","title":{"rendered":"Erreur 404"},"content":{"rendered":"<p>[vc_row height=\u00a0\u00bbmedium\u00a0\u00bb full_height=\u00a0\u00bb1&Prime; content_placement=\u00a0\u00bbmiddle\u00a0\u00bb][vc_column][vc_column_text]<\/p>\n<h1 style=\"text-align: center;\">Erreur 404<\/h1>\n<p>[\/vc_column_text][us_separator size=\u00a0\u00bbsmall\u00a0\u00bb][vc_column_text]<\/p>\n<p style=\"text-align: center;\">Le serveur HTTP n&rsquo;a pas trouv\u00e9 la ressource demand\u00e9e.<br \/>\nEn d&rsquo;autres termes, la page, la ressource web recherch\u00e9e n&rsquo;existe pas ou plus.<\/p>\n<p>[\/vc_column_text][us_separator size=\u00a0\u00bbsmall\u00a0\u00bb][vc_column_text]<\/p>\n<p style=\"text-align: center;\"><a href=\"http:\/\/impreza3.us-themes.com\/404\/\" target=\"_blank\" rel=\"noopener\">OK, je retourne \u00e0 la page d&rsquo;accueil<\/a><\/p>\n<p>[\/vc_column_text][\/vc_column][\/vc_row]<\/p>\n","protected":false},"excerpt":{"rendered":"<p>[vc_row height=\u00a0\u00bbmedium\u00a0\u00bb full_height=\u00a0\u00bb1&Prime; content_placement=\u00a0\u00bbmiddle\u00a0\u00bb][vc_column][vc_column_text] Erreur 404 [\/vc_column_text][us_separator size=\u00a0\u00bbsmall\u00a0\u00bb][vc_column_text] Le serveur HTTP n&rsquo;a pas trouv\u00e9 la ressource demand\u00e9e. En d&rsquo;autres termes, la page, la ressource web recherch\u00e9e n&rsquo;existe pas ou plus. [\/vc_column_text][us_separator size=\u00a0\u00bbsmall\u00a0\u00bb][vc_column_text] OK, je retourne \u00e0 la page d&rsquo;accueil [\/vc_column_text][\/vc_column][\/vc_row]<\/p>\n","protected":false},"author":1,"featured_media":0,"parent":0,"menu_order":0,"comment_status":"closed","ping_status":"closed","template":"","meta":{"footnotes":""},"class_list":["post-5774","page","type-page","status-publish","hentry"],"_links":{"self":[{"href":"https:\/\/xp1.webdordogne.com\/index.php\/wp-json\/wp\/v2\/pages\/5774","targetHints":{"allow":["GET"]}}],"collection":[{"href":"https:\/\/xp1.webdordogne.com\/index.php\/wp-json\/wp\/v2\/pages"}],"about":[{"href":"https:\/\/xp1.webdordogne.com\/index.php\/wp-json\/wp\/v2\/types\/page"}],"author":[{"embeddable":true,"href":"https:\/\/xp1.webdordogne.com\/index.php\/wp-json\/wp\/v2\/users\/1"}],"replies":[{"embeddable":true,"href":"https:\/\/xp1.webdordogne.com\/index.php\/wp-json\/wp\/v2\/comments?post=5774"}],"version-history":[{"count":0,"href":"https:\/\/xp1.webdordogne.com\/index.php\/wp-json\/wp\/v2\/pages\/5774\/revisions"}],"wp:attachment":[{"href":"https:\/\/xp1.webdordogne.com\/index.php\/wp-json\/wp\/v2\/media?parent=5774"}],"curies":[{"name":"wp","href":"https:\/\/api.w.org\/{rel}","templated":true}]}}