{"id":55,"date":"2023-04-05T09:31:39","date_gmt":"2023-04-05T07:31:39","guid":{"rendered":"https:\/\/webdordogne.com\/?page_id=55"},"modified":"2023-04-05T09:31:39","modified_gmt":"2023-04-05T07:31:39","slug":"seo-local","status":"publish","type":"page","link":"https:\/\/xp1.webdordogne.com\/index.php\/agence-referencement-web-dordogne\/seo-local\/","title":{"rendered":"SEO local"},"content":{"rendered":"<p>[vc_row height=\u00a0\u00bbauto\u00a0\u00bb us_bg_image_source=\u00a0\u00bbmedia\u00a0\u00bb us_bg_image=\u00a0\u00bb8478&Prime; us_bg_size=\u00a0\u00bbinitial\u00a0\u00bb us_bg_pos=\u00a0\u00bbbottom center\u00a0\u00bb us_bg_overlay_color=\u00a0\u00bbrgba(0,0,0,0.30)\u00a0\u00bb][vc_column][us_separator size=\u00a0\u00bblarge\u00a0\u00bb][us_post_title tag=\u00a0\u00bbh1&Prime; align=\u00a0\u00bbcenter\u00a0\u00bb css=\u00a0\u00bb%7B%22default%22%3A%7B%22color%22%3A%22%23ffffff%22%7D%7D\u00a0\u00bb][us_breadcrumbs show_current=\u00a0\u00bb1&Prime; align=\u00a0\u00bbcenter\u00a0\u00bb css=\u00a0\u00bb%7B%22default%22%3A%7B%22color%22%3A%22_header_middle_bg%22%2C%22font-size%22%3A%2215px%22%7D%2C%22mobiles%22%3A%7B%22font-size%22%3A%2212px%22%7D%7D\u00a0\u00bb][us_separator size=\u00a0\u00bblarge\u00a0\u00bb][\/vc_column][\/vc_row][vc_row][vc_column][vc_column_text]<\/p>\n<h2>C&rsquo;est quoi le r\u00e9f\u00e9rencement local ?<\/h2>\n<p>[\/vc_column_text][vc_column_text css=\u00a0\u00bb%7B%22default%22%3A%7B%22padding-bottom%22%3A%2240px%22%7D%7D\u00a0\u00bb]I am text block. Click edit button to change this text. Lorem ipsum dolor sit amet, consectetur adipiscing elit. Ut elit tellus, luctus nec ullamcorper mattis, pulvinar dapibus leo.[\/vc_column_text][vc_column_text]<\/p>\n<h2>Comment travailler son r\u00e9f\u00e9rencement local ?<\/h2>\n<p>[\/vc_column_text][vc_column_text css=\u00a0\u00bb%7B%22default%22%3A%7B%22padding-bottom%22%3A%2240px%22%7D%7D\u00a0\u00bb]<a href=\"https:\/\/editoile.fr\/services\/conseil-en-seo\/referencement-local-sur-google\/\">R\u00e9f\u00e9rencement local Google : soyez plus visible \u00e0 proximit\u00e9 (editoile.fr)<\/a><\/p>\n<p><a href=\"https:\/\/www.eskimoz.fr\/agence-referencement-local\/\">Agence de r\u00e9f\u00e9rencement local &#8211; Eskimoz<\/a>[\/vc_column_text][vc_column_text]<\/p>\n<h2>Tarifs des prestations en r\u00e9f\u00e9rencement local<\/h2>\n<p>[\/vc_column_text][vc_column_text css=\u00a0\u00bb%7B%22default%22%3A%7B%22padding-bottom%22%3A%2240px%22%7D%7D\u00a0\u00bb]I am text block. Click edit button to change this text. Lorem ipsum dolor sit amet, consectetur adipiscing elit. Ut elit tellus, luctus nec ullamcorper mattis, pulvinar dapibus leo.[\/vc_column_text][\/vc_column][\/vc_row]<\/p>\n","protected":false},"excerpt":{"rendered":"<p>[vc_row height=\u00a0\u00bbauto\u00a0\u00bb us_bg_image_source=\u00a0\u00bbmedia\u00a0\u00bb us_bg_image=\u00a0\u00bb8478&Prime; us_bg_size=\u00a0\u00bbinitial\u00a0\u00bb us_bg_pos=\u00a0\u00bbbottom center\u00a0\u00bb us_bg_overlay_color=\u00a0\u00bbrgba(0,0,0,0.30)\u00a0\u00bb][vc_column][us_separator size=\u00a0\u00bblarge\u00a0\u00bb][us_post_title tag=\u00a0\u00bbh1&Prime; align=\u00a0\u00bbcenter\u00a0\u00bb css=\u00a0\u00bb%7B%22default%22%3A%7B%22color%22%3A%22%23ffffff%22%7D%7D\u00a0\u00bb][us_breadcrumbs show_current=\u00a0\u00bb1&Prime; align=\u00a0\u00bbcenter\u00a0\u00bb css=\u00a0\u00bb%7B%22default%22%3A%7B%22color%22%3A%22_header_middle_bg%22%2C%22font-size%22%3A%2215px%22%7D%2C%22mobiles%22%3A%7B%22font-size%22%3A%2212px%22%7D%7D\u00a0\u00bb][us_separator size=\u00a0\u00bblarge\u00a0\u00bb][\/vc_column][\/vc_row][vc_row][vc_column][vc_column_text] C&rsquo;est quoi le r\u00e9f\u00e9rencement local ? [\/vc_column_text][vc_column_text css=\u00a0\u00bb%7B%22default%22%3A%7B%22padding-bottom%22%3A%2240px%22%7D%7D\u00a0\u00bb]I am text block. Click edit button to change this text. Lorem ipsum dolor sit amet, consectetur adipiscing elit. Ut elit tellus, luctus nec ullamcorper mattis, pulvinar dapibus leo.[\/vc_column_text][vc_column_text] Comment travailler son [&hellip;]<\/p>\n","protected":false},"author":1,"featured_media":0,"parent":27,"menu_order":3,"comment_status":"closed","ping_status":"closed","template":"","meta":{"footnotes":""},"class_list":["post-55","page","type-page","status-publish","hentry"],"_links":{"self":[{"href":"https:\/\/xp1.webdordogne.com\/index.php\/wp-json\/wp\/v2\/pages\/55","targetHints":{"allow":["GET"]}}],"collection":[{"href":"https:\/\/xp1.webdordogne.com\/index.php\/wp-json\/wp\/v2\/pages"}],"about":[{"href":"https:\/\/xp1.webdordogne.com\/index.php\/wp-json\/wp\/v2\/types\/page"}],"author":[{"embeddable":true,"href":"https:\/\/xp1.webdordogne.com\/index.php\/wp-json\/wp\/v2\/users\/1"}],"replies":[{"embeddable":true,"href":"https:\/\/xp1.webdordogne.com\/index.php\/wp-json\/wp\/v2\/comments?post=55"}],"version-history":[{"count":0,"href":"https:\/\/xp1.webdordogne.com\/index.php\/wp-json\/wp\/v2\/pages\/55\/revisions"}],"up":[{"embeddable":true,"href":"https:\/\/xp1.webdordogne.com\/index.php\/wp-json\/wp\/v2\/pages\/27"}],"wp:attachment":[{"href":"https:\/\/xp1.webdordogne.com\/index.php\/wp-json\/wp\/v2\/media?parent=55"}],"curies":[{"name":"wp","href":"https:\/\/api.w.org\/{rel}","templated":true}]}}